{"id":96281,"date":"2025-02-03T12:33:41","date_gmt":"2025-02-03T11:33:41","guid":{"rendered":"https:\/\/veteran.it\/evento-dolomeeting-posche-sudtirol-2025\/"},"modified":"2025-12-21T09:39:24","modified_gmt":"2025-12-21T08:39:24","slug":"evento-dolomeeting-posche-sudtirol","status":"publish","type":"page","link":"https:\/\/veteran.it\/de\/evento-dolomeeting-posche-sudtirol\/","title":{"rendered":"EVENT &#8211; DOLOMEETING POSCHE S\u00dcDTIROL 2026"},"content":{"rendered":"<div class=\"fusion-fullwidth fullwidth-box fusion-builder-row-1 fusion-flex-container has-pattern-background has-mask-background nonhundred-percent-fullwidth non-hundred-percent-height-scrolling\" style=\"--awb-border-radius-top-left:0px;--awb-border-radius-top-right:0px;--awb-border-radius-bottom-right:0px;--awb-border-radius-bottom-left:0px;--awb-flex-wrap:wrap;\" ><div class=\"fusion-builder-row fusion-row fusion-flex-align-items-flex-start fusion-flex-content-wrap\" style=\"max-width:1248px;margin-left: calc(-4% \/ 2 );margin-right: calc(-4% \/ 2 );\"><div class=\"fusion-layout-column fusion_builder_column fusion-builder-column-0 fusion_builder_column_1_1 1_1 fusion-flex-column\" style=\"--awb-bg-size:cover;--awb-width-large:100%;--awb-margin-top-large:0px;--awb-spacing-right-large:1.92%;--awb-margin-bottom-large:20px;--awb-spacing-left-large:1.92%;--awb-width-medium:100%;--awb-order-medium:0;--awb-spacing-right-medium:1.92%;--awb-spacing-left-medium:1.92%;--awb-width-small:100%;--awb-order-small:0;--awb-spacing-right-small:1.92%;--awb-spacing-left-small:1.92%;\"><div class=\"fusion-column-wrapper fusion-column-has-shadow fusion-flex-justify-content-flex-start fusion-content-layout-column\"><div class=\"fusion-title title fusion-title-1 fusion-title-text fusion-title-size-one\"><div class=\"title-sep-container title-sep-container-left fusion-no-large-visibility fusion-no-medium-visibility fusion-no-small-visibility\"><div class=\"title-sep sep-double sep-solid\" style=\"border-color:#e0dede;\"><\/div><\/div><span class=\"awb-title-spacer fusion-no-large-visibility fusion-no-medium-visibility fusion-no-small-visibility\"><\/span><h1 class=\"fusion-title-heading title-heading-left fusion-responsive-typography-calculated\" style=\"margin:0;--fontSize:26;line-height:1.5;\">DOLOMEETING PORSCHE S\u00dcDTIROL<\/h1><span class=\"awb-title-spacer\"><\/span><div class=\"title-sep-container title-sep-container-right\"><div class=\"title-sep sep-double sep-solid\" style=\"border-color:#e0dede;\"><\/div><\/div><\/div><a class=\"fusion-modal-text-link\" id=\"3467a04\" href=\"#\">\n<div class=\"wpcf7 no-js\" id=\"wpcf7-f96280-o1\" lang=\"it-IT\" dir=\"ltr\" data-wpcf7-id=\"96280\">\n<div class=\"screen-reader-response\"><p role=\"status\" aria-live=\"polite\" aria-atomic=\"true\"><\/p> <ul><\/ul><\/div>\n<form action=\"\/de\/wp-json\/wp\/v2\/pages\/96281#wpcf7-f96280-o1\" method=\"post\" class=\"wpcf7-form init\" aria-label=\"Modulo di contatto\" novalidate=\"novalidate\" data-status=\"init\">\n<fieldset class=\"hidden-fields-container\"><input type=\"hidden\" name=\"_wpcf7\" value=\"96280\" \/><input type=\"hidden\" name=\"_wpcf7_version\" value=\"6.1.5\" \/><input type=\"hidden\" name=\"_wpcf7_locale\" value=\"it_IT\" \/><input type=\"hidden\" name=\"_wpcf7_unit_tag\" value=\"wpcf7-f96280-o1\" \/><input type=\"hidden\" name=\"_wpcf7_container_post\" value=\"0\" \/><input type=\"hidden\" name=\"_wpcf7_posted_data_hash\" value=\"\" \/>\n<\/fieldset>\n<input class=\"wpcf7-form-control wpcf7-hidden\" value=\"Dolomeeting Porsche\" type=\"hidden\" name=\"modulo\" \/>\n<h3>Inhaberdaten\n<\/h3>\n<div style=\"display: flex; gap: 20px;\">\n\t<div>\n\t\t<p><label>Nachname:<\/label><span class=\"wpcf7-form-control-wrap\" data-name=\"cognome-titolare\"><input size=\"40\" maxlength=\"400\" class=\"wpcf7-form-control wpcf7-text wpcf7-validates-as-required\" aria-required=\"true\" aria-invalid=\"false\" value=\"\" type=\"text\" name=\"cognome-titolare\" \/><\/span>\n\t\t<\/p>\n\t<\/div>\n\t<div>\n\t\t<p><label>Vorname:<\/label><span class=\"wpcf7-form-control-wrap\" data-name=\"nome-titolare\"><input size=\"40\" maxlength=\"400\" class=\"wpcf7-form-control wpcf7-text wpcf7-validates-as-required\" aria-required=\"true\" aria-invalid=\"false\" value=\"\" type=\"text\" name=\"nome-titolare\" \/><\/span>\n\t\t<\/p>\n\t<\/div>\n<\/div>\n<div style=\"display: flex; gap: 20px;\">\n\t<div style=\"flex: 1;\">\n\t\t<p><label>Geburtsort und -datum:<\/label><span class=\"wpcf7-form-control-wrap\" data-name=\"luogo-data-nascita-titolare\"><input size=\"40\" maxlength=\"400\" class=\"wpcf7-form-control wpcf7-text wpcf7-validates-as-required\" aria-required=\"true\" aria-invalid=\"false\" value=\"\" type=\"text\" name=\"luogo-data-nascita-titolare\" \/><\/span>\n\t\t<\/p>\n\t<\/div>\n\t<div style=\"flex: 1;\">\n\t\t<p><label>Nationalit\u00e4t:<\/label><span class=\"wpcf7-form-control-wrap\" data-name=\"nazionalita-titolare\"><input size=\"40\" maxlength=\"400\" class=\"wpcf7-form-control wpcf7-text wpcf7-validates-as-required\" aria-required=\"true\" aria-invalid=\"false\" value=\"\" type=\"text\" name=\"nazionalita-titolare\" \/><\/span>\n\t\t<\/p>\n\t<\/div>\n<\/div>\n<div style=\"display: flex; gap: 20px;\">\n\t<div>\n\t\t<p><label>Wohnhaft in:<\/label><span class=\"wpcf7-form-control-wrap\" data-name=\"residente-titolare\"><input size=\"40\" maxlength=\"400\" class=\"wpcf7-form-control wpcf7-text wpcf7-validates-as-required\" aria-required=\"true\" aria-invalid=\"false\" value=\"\" type=\"text\" name=\"residente-titolare\" \/><\/span>\n\t\t<\/p>\n\t<\/div>\n\t<div>\n\t\t<p><label>PLZ:<\/label><span class=\"wpcf7-form-control-wrap\" data-name=\"cap-titolare\"><input size=\"40\" maxlength=\"400\" class=\"wpcf7-form-control wpcf7-text wpcf7-validates-as-required\" aria-required=\"true\" aria-invalid=\"false\" value=\"\" type=\"text\" name=\"cap-titolare\" \/><\/span>\n\t\t<\/p>\n\t<\/div>\n<\/div>\n<div>\n\t<p><label>Adresse:<\/label><span class=\"wpcf7-form-control-wrap\" data-name=\"indirizzo-titolare\"><input size=\"40\" maxlength=\"400\" class=\"wpcf7-form-control wpcf7-text wpcf7-validates-as-required\" aria-required=\"true\" aria-invalid=\"false\" value=\"\" type=\"text\" name=\"indirizzo-titolare\" \/><\/span>\n\t<\/p>\n<\/div>\n<div style=\"display: flex; gap: 20px;\">\n\t<div>\n\t\t<p><label>Steuernummer:<\/label><span class=\"wpcf7-form-control-wrap\" data-name=\"codice-fiscale-titolare\"><input size=\"40\" maxlength=\"400\" class=\"wpcf7-form-control wpcf7-text wpcf7-validates-as-required\" aria-required=\"true\" aria-invalid=\"false\" value=\"\" type=\"text\" name=\"codice-fiscale-titolare\" \/><\/span>\n\t\t<\/p>\n\t<\/div>\n\t<div>\n\t\t<p><label>Handynummer:<\/label><span class=\"wpcf7-form-control-wrap\" data-name=\"cellulare-titolare\"><input size=\"40\" maxlength=\"400\" class=\"wpcf7-form-control wpcf7-tel wpcf7-validates-as-required wpcf7-text wpcf7-validates-as-tel\" aria-required=\"true\" aria-invalid=\"false\" value=\"\" type=\"tel\" name=\"cellulare-titolare\" \/><\/span>\n\t\t<\/p>\n\t<\/div>\n\t<div>\n\t\t<p><label>Email:<\/label><span class=\"wpcf7-form-control-wrap\" data-name=\"email-titolare\"><input size=\"40\" maxlength=\"400\" class=\"wpcf7-form-control wpcf7-email wpcf7-validates-as-required wpcf7-text wpcf7-validates-as-email\" aria-required=\"true\" aria-invalid=\"false\" value=\"\" type=\"email\" name=\"email-titolare\" \/><\/span>\n\t\t<\/p>\n\t<\/div>\n<\/div>\n<div style=\"display: flex; gap: 20px;\">\n\t<div>\n\t\t<p><label>F\u00fchrerscheinnummer:<\/label><span class=\"wpcf7-form-control-wrap\" data-name=\"nr-patente-titolare\"><input size=\"40\" maxlength=\"400\" class=\"wpcf7-form-control wpcf7-text wpcf7-validates-as-required\" aria-required=\"true\" aria-invalid=\"false\" value=\"\" type=\"text\" name=\"nr-patente-titolare\" \/><\/span>\n\t\t<\/p>\n\t<\/div>\n\t<div>\n\t\t<p><label>Versicherungsgesellschaft:<\/label><span class=\"wpcf7-form-control-wrap\" data-name=\"compagnia-assicurativa-titolare\"><input size=\"40\" maxlength=\"400\" class=\"wpcf7-form-control wpcf7-text wpcf7-validates-as-required\" aria-required=\"true\" aria-invalid=\"false\" value=\"\" type=\"text\" name=\"compagnia-assicurativa-titolare\" \/><\/span>\n\t\t<\/p>\n\t<\/div>\n<\/div>\n<div style=\"display: flex; gap: 20px;\">\n\t<div>\n\t\t<p><label>Versicherungsnummer:<\/label><span class=\"wpcf7-form-control-wrap\" data-name=\"polizza-nr-titolare\"><input size=\"40\" maxlength=\"400\" class=\"wpcf7-form-control wpcf7-text wpcf7-validates-as-required\" aria-required=\"true\" aria-invalid=\"false\" value=\"\" type=\"text\" name=\"polizza-nr-titolare\" \/><\/span>\n\t\t<\/p>\n\t<\/div>\n\t<div>\n\t\t<p><label>Ablaufdatum:<\/label><span class=\"wpcf7-form-control-wrap\" data-name=\"scadenza-polizza-titolare\"><input class=\"wpcf7-form-control wpcf7-date wpcf7-validates-as-required wpcf7-validates-as-date\" aria-required=\"true\" aria-invalid=\"false\" value=\"\" type=\"date\" name=\"scadenza-polizza-titolare\" \/><\/span>\n\t\t<\/p>\n\t<\/div>\n<\/div>\n<div>\n\t<p><label>Club:<\/label><span class=\"wpcf7-form-control-wrap\" data-name=\"club-titolare\"><input size=\"40\" maxlength=\"400\" class=\"wpcf7-form-control wpcf7-text\" aria-invalid=\"false\" value=\"\" type=\"text\" name=\"club-titolare\" \/><\/span>\n\t<\/p>\n<\/div>\n<h3>Fahrzeugdaten\n<\/h3>\n<div style=\"display: flex; gap: 20px;\">\n\t<div>\n\t\t<p><label>Marke:<\/label><span class=\"wpcf7-form-control-wrap\" data-name=\"marca-vettura\"><input size=\"40\" maxlength=\"400\" class=\"wpcf7-form-control wpcf7-text wpcf7-validates-as-required\" aria-required=\"true\" aria-invalid=\"false\" value=\"\" type=\"text\" name=\"marca-vettura\" \/><\/span>\n\t\t<\/p>\n\t<\/div>\n\t<div>\n\t\t<p><label>Modell:<\/label><span class=\"wpcf7-form-control-wrap\" data-name=\"modello-vettura\"><input size=\"40\" maxlength=\"400\" class=\"wpcf7-form-control wpcf7-text wpcf7-validates-as-required\" aria-required=\"true\" aria-invalid=\"false\" value=\"\" type=\"text\" name=\"modello-vettura\" \/><\/span>\n\t\t<\/p>\n\t<\/div>\n<\/div>\n<div style=\"display: flex; gap: 20px;\">\n\t<div>\n\t\t<p><label>Baujahr:<\/label><span class=\"wpcf7-form-control-wrap\" data-name=\"anno-vettura\"><input class=\"wpcf7-form-control wpcf7-number wpcf7-validates-as-required wpcf7-validates-as-number\" min=\"1900\" max=\"2025\" aria-required=\"true\" aria-invalid=\"false\" value=\"\" type=\"number\" name=\"anno-vettura\" \/><\/span>\n\t\t<\/p>\n\t<\/div>\n\t<div>\n\t\t<p><label>Kennzeichen:<\/label><span class=\"wpcf7-form-control-wrap\" data-name=\"targa-vettura\"><input size=\"40\" maxlength=\"400\" class=\"wpcf7-form-control wpcf7-text wpcf7-validates-as-required\" aria-required=\"true\" aria-invalid=\"false\" value=\"\" type=\"text\" name=\"targa-vettura\" \/><\/span>\n\t\t<\/p>\n\t<\/div>\n<\/div>\n<div>\n\t<p><label>Bemerkungen zum Fahrzeug:<\/label><span class=\"wpcf7-form-control-wrap\" data-name=\"note-vettura\"><textarea cols=\"40\" rows=\"10\" maxlength=\"2000\" class=\"wpcf7-form-control wpcf7-textarea\" aria-invalid=\"false\" name=\"note-vettura\"><\/textarea><\/span>\n\t<\/p>\n<\/div>\n<h3>Begleitperson\n<\/h3>\n<div style=\"display: flex; gap: 20px;\">\n\t<div>\n\t\t<p><label>Nachname:<\/label><span class=\"wpcf7-form-control-wrap\" data-name=\"cognome-accompagnatore\"><input size=\"40\" maxlength=\"400\" class=\"wpcf7-form-control wpcf7-text\" aria-invalid=\"false\" value=\"\" type=\"text\" name=\"cognome-accompagnatore\" \/><\/span>\n\t\t<\/p>\n\t<\/div>\n\t<div>\n\t\t<p><label>Vorname:<\/label><span class=\"wpcf7-form-control-wrap\" data-name=\"nome-accompagnatore\"><input size=\"40\" maxlength=\"400\" class=\"wpcf7-form-control wpcf7-text\" aria-invalid=\"false\" value=\"\" type=\"text\" name=\"nome-accompagnatore\" \/><\/span>\n\t\t<\/p>\n\t<\/div>\n<\/div>\n<div style=\"display: flex; gap: 20px;\">\n\t<div style=\"flex: 1;\">\n\t\t<p><label>Geburtsort und -datum:<\/label><span class=\"wpcf7-form-control-wrap\" data-name=\"luogo-data-nascita-accompagnatore\"><input size=\"40\" maxlength=\"400\" class=\"wpcf7-form-control wpcf7-text\" aria-invalid=\"false\" value=\"\" type=\"text\" name=\"luogo-data-nascita-accompagnatore\" \/><\/span>\n\t\t<\/p>\n\t<\/div>\n\t<div style=\"flex: 1;\">\n\t\t<p><label>Nationalit\u00e4t:<\/label><span class=\"wpcf7-form-control-wrap\" data-name=\"nazionalita-accompagnatore\"><input size=\"40\" maxlength=\"400\" class=\"wpcf7-form-control wpcf7-text\" aria-invalid=\"false\" value=\"\" type=\"text\" name=\"nazionalita-accompagnatore\" \/><\/span>\n\t\t<\/p>\n\t<\/div>\n<\/div>\n<div>\n\t<p><label>Handynummer:<\/label><span class=\"wpcf7-form-control-wrap\" data-name=\"cellulare-accompagnatore\"><input size=\"40\" maxlength=\"400\" class=\"wpcf7-form-control wpcf7-tel wpcf7-text wpcf7-validates-as-tel\" aria-invalid=\"false\" value=\"\" type=\"tel\" name=\"cellulare-accompagnatore\" \/><\/span>\n\t<\/p>\n<\/div>\n<h3>Zus\u00e4tzliche Anmerkungen \/ Unvertr\u00e4glichkeiten\n<\/h3>\n<div>\n\t<p><span class=\"wpcf7-form-control-wrap\" data-name=\"note-aggiuntive\"><textarea cols=\"40\" rows=\"10\" maxlength=\"2000\" class=\"wpcf7-form-control wpcf7-textarea\" aria-invalid=\"false\" name=\"note-aggiuntive\"><\/textarea><\/span>\n\t<\/p>\n<\/div>\n<p><input class=\"wpcf7-form-control wpcf7-submit has-spinner\" type=\"submit\" value=\"Senden\" \/>\n<\/p><div class=\"fusion-alert alert custom alert-custom fusion-alert-center wpcf7-response-output fusion-alert-capitalize awb-alert-native-link-color alert-dismissable awb-alert-close-boxed\" style=\"--awb-border-size:1px;--awb-border-top-left-radius:0px;--awb-border-top-right-radius:0px;--awb-border-bottom-left-radius:0px;--awb-border-bottom-right-radius:0px;\" role=\"alert\"><div class=\"fusion-alert-content-wrapper\"><span class=\"fusion-alert-content\"><\/span><\/div><button type=\"button\" class=\"close toggle-alert\" data-dismiss=\"alert\" aria-label=\"Close\">&times;<\/button><\/div>\n<\/form>\n<\/div>\n<\/a><div class=\"fusion-text fusion-text-1\"><p><strong>Teilnahmegeb\u00fchren<\/strong><\/p>\n<p><strong>3-Tages-Programm:<\/strong> \u20ac 950,00 \u2013 f\u00fcr 2 Personen.<\/p>\n<p><em>Einzelzimmer: \u20ac 750,00 pro Person<\/em><\/p>\n<p>Die Geb\u00fchr umfasst: Vollst\u00e4ndige Unterkunft ab Freitag, 25. September 2026, 14:30 Uhr bis Sonntag, 27. September 2026, 10:00 Uhr. Teilnahme an der Veranstaltung, \u00dcbernachtung im Doppelzimmer am Freitag und Samstag mit Fr\u00fchst\u00fcck im Hotel Ciasa Roby \u2013 San Cassiano (Alta Badia), Abendessen am Samstag im Hotel, Mittagessen am Samstag sowie das Galadinner am Freitag im Hotel Fanes***** \u2013 San Cassiano.<\/p>\n<p>Die Teilnahmegeb\u00fchr ist ausschlie\u00dflich per<\/p>\n<p><strong>Bank\u00fcberweisung auf das Konto<\/strong><\/p>\n<p><strong>IBAN:<\/strong> IT 30 E 08133 58593 000304091906<br \/>\n<strong>BIC\/SWIFT CODE:<\/strong> RZSBIT21019<br \/>\n<strong>Kontoinhaber:<\/strong> Agenzia Viaggi SMT Consulting<br \/>\n<strong>Verwendungszweck:<\/strong> DOLOMEETING PORSCHE 2026 \u2013 TEILNAHMEGEB\u00dcHR<\/p>\n<p>Alle Bankgeb\u00fchren und \u00dcberweisungskosten gehen zu Lasten des Teilnehmers.<\/p>\n<p><strong>Anmeldeschluss:<\/strong> 2. September 2026 \u2013 24:00 Uhr. Anmeldungen ohne fristgerechte Zahlung der Teilnahmegeb\u00fchr werden nicht ber\u00fccksichtigt.<\/p>\n<p><strong>Zugelassene Fahrzeuge:<\/strong> Es sind ausschlie\u00dflich PORSCHE-Fahrzeuge aller Baujahre und Modelle zugelassen, bis zur Erreichung der maximalen Teilnehmerzahl.<\/p>\n<p>Es gibt keine Wertungen oder Preise jeglicher Art \u2013 die Veranstaltung ist rein touristischer Natur und findet gem\u00e4\u00df dem ausgeh\u00e4ndigten Programm statt.<\/p>\n<p><strong>Erforderliche Dokumente:<\/strong><\/p>\n<ul>\n<li>G\u00fcltiger F\u00fchrerschein<\/li>\n<li>Kfz-Haftpflichtversicherung, g\u00fcltig auf italienischem Staatsgebiet<\/li>\n<\/ul>\n<p><strong>Anmeldung:<\/strong><br \/>\nPer E-Mail an <strong><a rel=\"noopener\">info@veteran.it<\/a><\/strong> oder per Fax an <strong>+39 0471 324141<\/strong>.<br \/>\nStornierungen berechtigen nicht zur R\u00fcckerstattung der bereits gezahlten Teilnahmegeb\u00fchr.<\/p>\n<p><strong>Kontakt:<\/strong><br \/>\nBrancalion Davide, Pr\u00e4sident des Veteran Car Team Bozen<br \/>\nMobil: <strong>+39 348 4540040 (WhatsApp)<\/strong><\/p>\n<p><strong>DIE ORGANISATOREN BEHALTEN SICH DAS RECHT VOR, DAS PROGRAMM JEDERZEIT ZU \u00c4NDERN.<\/strong><\/p>\n<h3><strong>Allgemeine Bestimmungen<\/strong><\/h3>\n<p>Mit der Anmeldung akzeptiert der Teilnehmer die Veranstaltungsordnung vollst\u00e4ndig und verzichtet auf jegliche Rechtsmittel gegen\u00fcber Gerichten oder Schiedsstellen in Bezug auf die Organisation.<\/p>\n<p>Der Veranstalter, die unterst\u00fctzenden Institutionen sowie alle beteiligten Personen \u00fcbernehmen keinerlei Haftung f\u00fcr Sch\u00e4den an Personen, Sachen oder Dritten w\u00e4hrend der Veranstaltung.<\/p>\n<h3><strong>Verhaltensregeln<\/strong><\/h3>\n<ul>\n<li>Die Stra\u00dfenverkehrsordnung ist strikt einzuhalten.<\/li>\n<li>Die Durchschnittsgeschwindigkeit darf 35 km\/h nicht \u00fcberschreiten.<\/li>\n<\/ul>\n<p>Der Veranstalter beh\u00e4lt sich das Recht vor, das Programm jederzeit zu \u00e4ndern.<\/p>\n<h3><strong>Datenschutzhinweis gem\u00e4\u00df EU-Verordnung 2016\/679<\/strong><\/h3>\n<ul>\n<li>Pers\u00f6nliche Daten werden gem\u00e4\u00df der EU-Verordnung 2016\/679 verarbeitet.<\/li>\n<li>Der Teilnehmer kann seine Rechte bez\u00fcglich seiner pers\u00f6nlichen Daten aus\u00fcben, indem er beiliegendes Formular ausf\u00fcllt <a href=\"https:\/\/wa.me\/393484540040?text=liscia%20temperatura%20ambiente%0Aliscia%20fredda%0Agasata%20fredda\" target=\"_blank\" rel=\"noopener\"><strong>[hier klickt]<\/strong><\/a>.<\/li>\n<\/ul>\n<h3><strong>Einwilligung zur Nutzung von Bildmaterial<\/strong><\/h3>\n<p>Mit der Teilnahme an der Veranstaltung \u201eDolomeeting Porsche S\u00fcdtirol 2026\u201c erkl\u00e4ren sich die Teilnehmer damit einverstanden, dass Bildmaterial ihrer Person kostenlos f\u00fcr folgende Zwecke verwendet werden darf:<\/p>\n<ul>\n<li>Ausstellungen<\/li>\n<li>Wettbewerbe<\/li>\n<li>Internet<\/li>\n<li>Werbung<\/li>\n<\/ul>\n<p>Die Verwendung ist in allen F\u00e4llen untersagt, die die Ehre und den Ruf des Teilnehmers beeintr\u00e4chtigen k\u00f6nnten. Die Einwilligung gilt unbegrenzt.<\/p>\n<p>Der Teilnehmer erkl\u00e4rt, das Veranstaltungsreglement und das Programm gelesen, verstanden und akzeptiert zu haben.<\/p>\n<\/div><\/div><\/div><\/div><\/div>\n","protected":false},"excerpt":{"rendered":"","protected":false},"author":230,"featured_media":95505,"parent":0,"menu_order":0,"comment_status":"closed","ping_status":"closed","template":"","meta":{"footnotes":""},"class_list":["post-96281","page","type-page","status-publish","has-post-thumbnail","hentry"],"publishpress_future_action":{"enabled":false,"date":"2026-05-15 17:52:01","action":"change-status","newStatus":"draft","terms":[],"taxonomy":"translation_priority","extraData":[]},"publishpress_future_workflow_manual_trigger":{"enabledWorkflows":[]},"_links":{"self":[{"href":"https:\/\/veteran.it\/de\/wp-json\/wp\/v2\/pages\/96281","targetHints":{"allow":["GET"]}}],"collection":[{"href":"https:\/\/veteran.it\/de\/wp-json\/wp\/v2\/pages"}],"about":[{"href":"https:\/\/veteran.it\/de\/wp-json\/wp\/v2\/types\/page"}],"author":[{"embeddable":true,"href":"https:\/\/veteran.it\/de\/wp-json\/wp\/v2\/users\/230"}],"replies":[{"embeddable":true,"href":"https:\/\/veteran.it\/de\/wp-json\/wp\/v2\/comments?post=96281"}],"version-history":[{"count":4,"href":"https:\/\/veteran.it\/de\/wp-json\/wp\/v2\/pages\/96281\/revisions"}],"predecessor-version":[{"id":99106,"href":"https:\/\/veteran.it\/de\/wp-json\/wp\/v2\/pages\/96281\/revisions\/99106"}],"wp:featuredmedia":[{"embeddable":true,"href":"https:\/\/veteran.it\/de\/wp-json\/wp\/v2\/media\/95505"}],"wp:attachment":[{"href":"https:\/\/veteran.it\/de\/wp-json\/wp\/v2\/media?parent=96281"}],"curies":[{"name":"wp","href":"https:\/\/api.w.org\/{rel}","templated":true}]}}