{"id":59132,"date":"2022-09-08T16:58:29","date_gmt":"2022-09-08T14:58:29","guid":{"rendered":"https:\/\/veteran.it\/?page_id=59132"},"modified":"2022-09-08T16:59:55","modified_gmt":"2022-09-08T14:59:55","slug":"footer","status":"publish","type":"page","link":"https:\/\/veteran.it\/de\/footer\/","title":{"rendered":"Footer"},"content":{"rendered":"<div class=\"fusion-fullwidth fullwidth-box fusion-builder-row-1 fusion-flex-container nonhundred-percent-fullwidth non-hundred-percent-height-scrolling\" style=\"--awb-border-radius-top-left:0px;--awb-border-radius-top-right:0px;--awb-border-radius-bottom-right:0px;--awb-border-radius-bottom-left:0px;--awb-flex-wrap:wrap;\" ><div class=\"fusion-builder-row fusion-row fusion-flex-align-items-flex-start fusion-flex-content-wrap\" style=\"max-width:1248px;margin-left: calc(-4% \/ 2 );margin-right: calc(-4% \/ 2 );\"><div class=\"fusion-layout-column fusion_builder_column fusion-builder-column-0 fusion_builder_column_1_3 1_3 fusion-flex-column\" style=\"--awb-bg-size:cover;--awb-width-large:33.3333333333%;--awb-margin-top-large:0px;--awb-spacing-right-large:5.76%;--awb-margin-bottom-large:20px;--awb-spacing-left-large:5.76%;--awb-width-medium:33.3333333333%;--awb-spacing-right-medium:5.76%;--awb-spacing-left-medium:5.76%;--awb-width-small:100%;--awb-spacing-right-small:1.92%;--awb-spacing-left-small:1.92%;\"><div class=\"fusion-column-wrapper fusion-column-has-shadow fusion-flex-justify-content-flex-start fusion-content-layout-column\"><div class=\"fusion-text fusion-text-1\"><h2>MARKT<\/h2>\n<\/div><div class=\"fusion-recent-posts fusion-recent-posts-1 avada-container layout-default layout-columns-1\"><section class=\"fusion-columns columns fusion-columns-1 columns-1\"><article class=\"post fusion-column column col col-lg-12 col-md-12 col-sm-12\"><div class=\"fusion-flexslider fusion-flexslider-loading flexslider flexslider-hover-type-none\"><ul class=\"slides\"><li><a href=\"https:\/\/veteran.it\/de\/veteran-safety-for-young\/\" aria-label=\"VETERAN SAFETY FOR YOUNG\" class=\"hover-type-none\"><img decoding=\"async\" width=\"700\" height=\"441\" src=\"https:\/\/veteran.it\/wp-content\/uploads\/2026\/04\/YOUNG5-700x441.jpg\" class=\"attachment-recent-posts size-recent-posts\" alt=\"\" srcset=\"https:\/\/veteran.it\/wp-content\/uploads\/2026\/04\/YOUNG5-320x202.jpg 320w, https:\/\/veteran.it\/wp-content\/uploads\/2026\/04\/YOUNG5-700x441.jpg 700w\" sizes=\"(max-width: 700px) 100vw, 700px\" title=\"\"><\/a><\/li><\/ul><\/div><div class=\"recent-posts-content\"><span class=\"vcard\" style=\"display: none;\"><span class=\"fn\"><a href=\"https:\/\/veteran.it\/de\/author\/officeveteran-it\/\" title=\"Beitr\u00e4ge von elisa\" rel=\"author\">elisa<\/a><\/span><\/span><span class=\"updated\" style=\"display:none;\">2026-04-21T15:59:56+02:00<\/span><h4 class=\"entry-title\"><a href=\"https:\/\/veteran.it\/de\/veteran-safety-for-young\/\">VETERAN SAFETY FOR YOUNG<\/a><\/h4><\/div><\/article><\/section><\/div><\/div><\/div><div class=\"fusion-layout-column fusion_builder_column fusion-builder-column-1 fusion_builder_column_1_3 1_3 fusion-flex-column\" style=\"--awb-padding-right:30px;--awb-padding-left:30px;--awb-bg-size:cover;--awb-width-large:33.3333333333%;--awb-margin-top-large:0px;--awb-spacing-right-large:5.76%;--awb-margin-bottom-large:20px;--awb-spacing-left-large:5.76%;--awb-width-medium:33.3333333333%;--awb-spacing-right-medium:5.76%;--awb-spacing-left-medium:5.76%;--awb-width-small:100%;--awb-spacing-right-small:1.92%;--awb-spacing-left-small:1.92%;\"><div class=\"fusion-column-wrapper fusion-column-has-shadow fusion-flex-justify-content-flex-start fusion-content-layout-column\"><div class=\"fusion-text fusion-text-2\"><h2>METEO<\/h2>\n<\/div><div class=\"fusion-text fusion-text-3\"><p><script src=\"https:\/\/wetter.ws.siag.it\/Widget_v1.svc\/web\/loadSimpleWidget\/it\/0\/Landscape.js\"><\/script><\/p>\n<div id=\"meteoprovbz_widget\"><\/div>\n<p><script>meteoprovbz_Widget.CreateWidget(document.getElementById(\"meteoprovbz_widget\"));<\/script><\/p>\n<\/div><\/div><\/div><div class=\"fusion-layout-column fusion_builder_column fusion-builder-column-2 fusion_builder_column_1_3 1_3 fusion-flex-column\" style=\"--awb-bg-size:cover;--awb-width-large:33.3333333333%;--awb-margin-top-large:0px;--awb-spacing-right-large:5.76%;--awb-margin-bottom-large:20px;--awb-spacing-left-large:5.76%;--awb-width-medium:33.3333333333%;--awb-spacing-right-medium:5.76%;--awb-spacing-left-medium:5.76%;--awb-width-small:100%;--awb-spacing-right-small:1.92%;--awb-spacing-left-small:1.92%;\"><div class=\"fusion-column-wrapper fusion-column-has-shadow fusion-flex-justify-content-flex-start fusion-content-layout-column\"><div class=\"fusion-text fusion-text-4\"><h2>MARKT<\/h2>\n<\/div><div class=\"fusion-recent-posts fusion-recent-posts-2 avada-container layout-default layout-columns-1\"><section class=\"fusion-columns columns fusion-columns-1 columns-1\"><article class=\"post fusion-column column col col-lg-12 col-md-12 col-sm-12\"><div class=\"fusion-flexslider fusion-flexslider-loading flexslider flexslider-hover-type-none\"><ul class=\"slides\"><li><a href=\"https:\/\/veteran.it\/de\/veteran-safety-for-young\/\" aria-label=\"VETERAN SAFETY FOR YOUNG\" class=\"hover-type-none\"><img decoding=\"async\" width=\"700\" height=\"441\" src=\"https:\/\/veteran.it\/wp-content\/uploads\/2026\/04\/YOUNG5-700x441.jpg\" class=\"attachment-recent-posts size-recent-posts\" alt=\"\" srcset=\"https:\/\/veteran.it\/wp-content\/uploads\/2026\/04\/YOUNG5-320x202.jpg 320w, https:\/\/veteran.it\/wp-content\/uploads\/2026\/04\/YOUNG5-700x441.jpg 700w\" sizes=\"(max-width: 700px) 100vw, 700px\" title=\"\"><\/a><\/li><\/ul><\/div><div class=\"recent-posts-content\"><span class=\"vcard\" style=\"display: none;\"><span class=\"fn\"><a href=\"https:\/\/veteran.it\/de\/author\/officeveteran-it\/\" title=\"Beitr\u00e4ge von elisa\" rel=\"author\">elisa<\/a><\/span><\/span><span class=\"updated\" style=\"display:none;\">2026-04-21T15:59:56+02:00<\/span><h4 class=\"entry-title\"><a href=\"https:\/\/veteran.it\/de\/veteran-safety-for-young\/\">VETERAN SAFETY FOR YOUNG<\/a><\/h4><\/div><\/article><\/section><\/div><\/div><\/div><div class=\"fusion-layout-column fusion_builder_column fusion-builder-column-3 fusion_builder_column_1_1 1_1 fusion-flex-column\" style=\"--awb-padding-top:30px;--awb-padding-right:30px;--awb-padding-left:30px;--awb-bg-color:#f2f2f2;--awb-bg-color-hover:#f2f2f2;--awb-bg-size:cover;--awb-width-large:100%;--awb-margin-top-large:0px;--awb-spacing-right-large:1.92%;--awb-margin-bottom-large:20px;--awb-spacing-left-large:1.92%;--awb-width-medium:100%;--awb-spacing-right-medium:1.92%;--awb-spacing-left-medium:1.92%;--awb-width-small:100%;--awb-spacing-right-small:1.92%;--awb-spacing-left-small:1.92%;\"><div class=\"fusion-column-wrapper fusion-column-has-shadow fusion-flex-justify-content-flex-start fusion-content-layout-column\"><div class=\"fusion-text fusion-text-5\"><h2>ULTIME NOTIZIE<\/h2>\n<\/div><div class=\"fusion-recent-posts fusion-recent-posts-3 avada-container layout-default layout-columns-1\"><section class=\"fusion-columns columns fusion-columns-1 columns-1\"><article class=\"post fusion-column column col col-lg-12 col-md-12 col-sm-12\"><div class=\"recent-posts-content\"><span class=\"vcard\" style=\"display: none;\"><span class=\"fn\"><a href=\"https:\/\/veteran.it\/de\/author\/officeveteran-it\/\" title=\"Beitr\u00e4ge von elisa\" rel=\"author\">elisa<\/a><\/span><\/span><span class=\"updated\" style=\"display:none;\">2026-04-08T11:09:49+02:00<\/span><h4 class=\"entry-title\"><a href=\"https:\/\/veteran.it\/de\/veteran-kart-2026\/\">VETERAN KART 2026<\/a><\/h4><\/div><\/article><article class=\"post fusion-column column col col-lg-12 col-md-12 col-sm-12\"><div class=\"recent-posts-content\"><span class=\"vcard\" style=\"display: none;\"><span class=\"fn\"><a href=\"https:\/\/veteran.it\/de\/author\/officeveteran-it\/\" title=\"Beitr\u00e4ge von elisa\" rel=\"author\">elisa<\/a><\/span><\/span><span class=\"updated\" style=\"display:none;\">2026-03-12T09:19:24+01:00<\/span><h4 class=\"entry-title\"><a href=\"https:\/\/veteran.it\/de\/neue-ausnahmen-von-den-verkehrsbeschraenkungen\/\">Neue Ausnahmen von den Verkehrsbeschr\u00e4nkungen<\/a><\/h4><\/div><\/article><article class=\"post fusion-column column col col-lg-12 col-md-12 col-sm-12\"><div class=\"recent-posts-content\"><span class=\"vcard\" style=\"display: none;\"><span class=\"fn\"><a href=\"https:\/\/veteran.it\/de\/author\/officeveteran-it\/\" title=\"Beitr\u00e4ge von elisa\" rel=\"author\">elisa<\/a><\/span><\/span><span class=\"updated\" style=\"display:none;\">2026-03-12T09:20:38+01:00<\/span><h4 class=\"entry-title\"><a href=\"https:\/\/veteran.it\/de\/citta-aperta-alle-auto-depoca\/\">Stadt offen f\u00fcr Oldtimer<\/a><\/h4><\/div><\/article><article class=\"post fusion-column column col col-lg-12 col-md-12 col-sm-12\"><div class=\"recent-posts-content\"><span class=\"vcard\" style=\"display: none;\"><span class=\"fn\"><a href=\"https:\/\/veteran.it\/de\/author\/officeveteran-it\/\" title=\"Beitr\u00e4ge von elisa\" rel=\"author\">elisa<\/a><\/span><\/span><span class=\"updated\" style=\"display:none;\">2026-03-11T10:16:33+01:00<\/span><h4 class=\"entry-title\"><a href=\"https:\/\/veteran.it\/de\/drei-nationale-auszeichnungen-fuer-den-veteran-car-team-bolzano\/\">Drei nationale Auszeichnungen f\u00fcr den Veteran Car Team Bolzano<\/a><\/h4><\/div><\/article><article class=\"post fusion-column column col col-lg-12 col-md-12 col-sm-12\"><div class=\"recent-posts-content\"><span class=\"vcard\" style=\"display: none;\"><span class=\"fn\"><a href=\"https:\/\/veteran.it\/de\/author\/officeveteran-it\/\" title=\"Beitr\u00e4ge von elisa\" rel=\"author\">elisa<\/a><\/span><\/span><span class=\"updated\" style=\"display:none;\">2026-04-04T11:15:31+02:00<\/span><h4 class=\"entry-title\"><a href=\"https:\/\/veteran.it\/de\/dakar-classic-2026\/\">DAKAR CLASSIC 2026<\/a><\/h4><\/div><\/article><article class=\"post fusion-column column col col-lg-12 col-md-12 col-sm-12\"><div class=\"recent-posts-content\"><span class=\"vcard\" style=\"display: none;\"><span class=\"fn\"><a href=\"https:\/\/veteran.it\/de\/author\/stefan\/\" title=\"Beitr\u00e4ge von Marketing Veteran Car Team\" rel=\"author\">Marketing Veteran Car Team<\/a><\/span><\/span><span class=\"updated\" style=\"display:none;\">2025-07-27T10:19:49+02:00<\/span><h4 class=\"entry-title\"><a href=\"https:\/\/veteran.it\/de\/alfio-di-vincenzo-bozner-feiert-101-jahre\/\">Alfio Di Vincenzo Bozner feiert 101 Jahre<\/a><\/h4><\/div><\/article><article class=\"post fusion-column column col col-lg-12 col-md-12 col-sm-12\"><div class=\"recent-posts-content\"><span class=\"vcard\" style=\"display: none;\"><span class=\"fn\"><a href=\"https:\/\/veteran.it\/de\/author\/stefan\/\" title=\"Beitr\u00e4ge von Marketing Veteran Car Team\" rel=\"author\">Marketing Veteran Car Team<\/a><\/span><\/span><span class=\"updated\" style=\"display:none;\">2025-07-18T16:16:07+02:00<\/span><h4 class=\"entry-title\"><a href=\"https:\/\/veteran.it\/de\/video-rai-news-200-jahre-stilfser-joch\/\">Video Rai News 200 Jahre Stilfser Joch<\/a><\/h4><\/div><\/article><article class=\"post fusion-column column col col-lg-12 col-md-12 col-sm-12\"><div class=\"recent-posts-content\"><span class=\"vcard\" style=\"display: none;\"><span class=\"fn\"><a href=\"https:\/\/veteran.it\/de\/author\/officeveteran-it\/\" title=\"Beitr\u00e4ge von elisa\" rel=\"author\">elisa<\/a><\/span><\/span><span class=\"updated\" style=\"display:none;\">2025-06-19T09:40:49+02:00<\/span><h4 class=\"entry-title\"><a href=\"https:\/\/veteran.it\/de\/ein-denkwuerdiges-event-zur-feier-der-zweihundert-jahre-des-stilfserjochs-historische-autos-motorraeder-und-fahrraeder-auf-dem-hoechsten-pass-der-alpen\/\">EIN DENKW\u00dcRDIGES EVENT ZUR FEIER DER ZWEIHUNDERT JAHRE DES STILFSERJOCHS: HISTORISCHE AUTOS, MOTORR\u00c4DER UND FAHRR\u00c4DER AUF DEM H\u00d6CHSTEN PASS DER ALPEN<\/a><\/h4><\/div><\/article><article class=\"post fusion-column column col col-lg-12 col-md-12 col-sm-12\"><div class=\"recent-posts-content\"><span class=\"vcard\" style=\"display: none;\"><span class=\"fn\"><a href=\"https:\/\/veteran.it\/de\/author\/officeveteran-it\/\" title=\"Beitr\u00e4ge von elisa\" rel=\"author\">elisa<\/a><\/span><\/span><span class=\"updated\" style=\"display:none;\">2025-06-17T12:08:27+02:00<\/span><h4 class=\"entry-title\"><a href=\"https:\/\/veteran.it\/de\/summerdrive\/\">SUMMER DRIVE<\/a><\/h4><\/div><\/article><article class=\"post fusion-column column col col-lg-12 col-md-12 col-sm-12\"><div class=\"recent-posts-content\"><span class=\"vcard\" style=\"display: none;\"><span class=\"fn\"><a href=\"https:\/\/veteran.it\/de\/author\/officeveteran-it\/\" title=\"Beitr\u00e4ge von elisa\" rel=\"author\">elisa<\/a><\/span><\/span><span class=\"updated\" style=\"display:none;\">2025-05-27T10:07:38+02:00<\/span><h4 class=\"entry-title\"><a href=\"https:\/\/veteran.it\/de\/tuttaltro-che-lenti\/\">Tutt&#8217;altro che lenti<\/a><\/h4><\/div><\/article><\/section><\/div><\/div><\/div><div class=\"fusion-layout-column fusion_builder_column fusion-builder-column-4 fusion_builder_column_1_2 1_2 fusion-flex-column\" style=\"--awb-bg-size:cover;--awb-width-large:50%;--awb-margin-top-large:0px;--awb-spacing-right-large:3.84%;--awb-margin-bottom-large:20px;--awb-spacing-left-large:3.84%;--awb-width-medium:50%;--awb-spacing-right-medium:3.84%;--awb-spacing-left-medium:3.84%;--awb-width-small:100%;--awb-spacing-right-small:1.92%;--awb-spacing-left-small:1.92%;\"><div class=\"fusion-column-wrapper fusion-column-has-shadow fusion-flex-justify-content-flex-start fusion-content-layout-column\"><div class=\"fusion-text fusion-text-6\"><p><img decoding=\"async\" class=\"alignnone wp-image-56454\" src=\"https:\/\/veteran.it\/wp-content\/uploads\/logo-veteran-asi-federato-2-e1566810244621-300x176.jpg\" alt=\"\" width=\"256\" height=\"150\" title=\"\"><\/p>\n<p><strong>Veteran Car Team<\/strong><\/p>\n<p>Via Fago 50\/B &#8211; 39100 Bolzano (BZ) &#8211; Alto Adige &#8211; Italia<br \/>\nTel.\/Fax <a href=\"tel:+390471324141\">+39 0471 324141<\/a> &#8211; E-mail <a href=\"mailto:info@veteran.it\">info@veteran.it<\/a><\/p>\n<p>Luned\u00ec-Venerd\u00ec 09.00-12.00 orario estivo<\/p>\n<p>Dal 8 Luglio al 26 Agosto 2019 chiusura estiva e <strong>non<\/strong> \u00e8 possibile fare polizze assicurative<\/p>\n<\/div><\/div><\/div><div class=\"fusion-layout-column fusion_builder_column fusion-builder-column-5 fusion_builder_column_1_2 1_2 fusion-flex-column\" style=\"--awb-bg-size:cover;--awb-width-large:50%;--awb-margin-top-large:0px;--awb-spacing-right-large:3.84%;--awb-margin-bottom-large:20px;--awb-spacing-left-large:3.84%;--awb-width-medium:50%;--awb-spacing-right-medium:3.84%;--awb-spacing-left-medium:3.84%;--awb-width-small:100%;--awb-spacing-right-small:1.92%;--awb-spacing-left-small:1.92%;\"><div class=\"fusion-column-wrapper fusion-column-has-shadow fusion-flex-justify-content-flex-start fusion-content-layout-column\"><div class=\"fusion-text fusion-text-7\"><div class=\"fusion-social-links-footer\">\n<div class=\"fusion-social-networks boxed-icons\">\n<div class=\"fusion-social-networks-wrapper\"><a class=\"custom fusion-social-network-icon fusion-tooltip fusion-custom fusion-icon-custom\" style=\"color: #ffffff; position: relative; top: -8px;\" title=\"ASI\" href=\"https:\/\/www.asifed.it\" target=\"_blank\" rel=\"noopener noreferrer\" data-placement=\"top\" data-title=\"ASI\" data-toggle=\"tooltip\" data-><span class=\"screen-reader-text\">ASI<\/span><img decoding=\"async\" style=\"width: auto; max-height: calc(40px + (2 * 8px) + 2px);\" src=\"https:\/\/veteran.it\/wp-content\/uploads\/loghipartner\/auto-epoca-asi.png\" alt=\"ASI\" title=\"\"><\/a><a class=\"custom fusion-social-network-icon fusion-tooltip fusion-custom fusion-icon-custom\" style=\"color: #ffffff; position: relative; top: -8px;\" title=\"FIVA\" href=\"https:\/\/fiva.org\" target=\"_blank\" rel=\"noopener noreferrer\" data-placement=\"top\" data-title=\"FIVA\" data-toggle=\"tooltip\" data-><span class=\"screen-reader-text\">FIVA<\/span><img decoding=\"async\" style=\"width: auto; max-height: calc(40px + (2 * 8px) + 2px);\" src=\"https:\/\/veteran.it\/wp-content\/uploads\/fiva-logo.png\" alt=\"FIVA\" title=\"\"><\/a><a class=\"custom fusion-social-network-icon fusion-tooltip fusion-custom fusion-icon-custom\" style=\"color: #ffffff; position: relative; top: -8px;\" title=\"ACI\" href=\"https:\/\/www.aci.it\" target=\"_blank\" rel=\"noopener noreferrer\" data-placement=\"top\" data-title=\"ACI\" data-toggle=\"tooltip\" data-><span class=\"screen-reader-text\">ACI<\/span><img decoding=\"async\" style=\"width: auto; max-height: calc(40px + (2 * 8px) + 2px);\" src=\"https:\/\/veteran.it\/wp-content\/uploads\/loghipartner\/aci.png\" alt=\"ACI\" title=\"\"><\/a><a class=\"fusion-social-network-icon fusion-tooltip fusion-youtube fusion-icon-youtube\" style=\"color: #ffffff; background-color: #cd201f; border-color: #cd201f; border-radius: 4px;\" title=\"YouTube\" href=\"https:\/\/youtube.com\/user\/veterancarteam\" target=\"_blank\" rel=\"noopener noreferrer\" data-placement=\"top\" data-title=\"YouTube\" data-toggle=\"tooltip\" data-><span class=\"screen-reader-text\">YouTube<\/span><\/a><a class=\"fusion-social-network-icon fusion-tooltip fusion-facebook fusion-icon-facebook\" style=\"color: #ffffff; background-color: #3b5998; border-color: #3b5998; border-radius: 4px;\" title=\"Facebook\" href=\"https:\/\/facebook.com\/VeteranCarTeam\" target=\"_blank\" rel=\"noopener noreferrer\" data-placement=\"top\" data-title=\"Facebook\" data-toggle=\"tooltip\" data-><span class=\"screen-reader-text\">Facebook<\/span><\/a><\/div>\n<\/div>\n<\/div>\n<\/div><\/div><\/div><\/div><\/div>\n","protected":false},"excerpt":{"rendered":"<p>no<\/p>\n","protected":false},"author":167,"featured_media":0,"parent":0,"menu_order":4,"comment_status":"closed","ping_status":"closed","template":"","meta":{"footnotes":""},"class_list":["post-59132","page","type-page","status-publish","hentry"],"publishpress_future_action":{"enabled":false,"date":"2026-05-09 11:04:09","action":"change-status","newStatus":"draft","terms":[],"taxonomy":"translation_priority","extraData":[]},"publishpress_future_workflow_manual_trigger":{"enabledWorkflows":[]},"_links":{"self":[{"href":"https:\/\/veteran.it\/de\/wp-json\/wp\/v2\/pages\/59132","targetHints":{"allow":["GET"]}}],"collection":[{"href":"https:\/\/veteran.it\/de\/wp-json\/wp\/v2\/pages"}],"about":[{"href":"https:\/\/veteran.it\/de\/wp-json\/wp\/v2\/types\/page"}],"author":[{"embeddable":true,"href":"https:\/\/veteran.it\/de\/wp-json\/wp\/v2\/users\/167"}],"replies":[{"embeddable":true,"href":"https:\/\/veteran.it\/de\/wp-json\/wp\/v2\/comments?post=59132"}],"version-history":[{"count":0,"href":"https:\/\/veteran.it\/de\/wp-json\/wp\/v2\/pages\/59132\/revisions"}],"wp:attachment":[{"href":"https:\/\/veteran.it\/de\/wp-json\/wp\/v2\/media?parent=59132"}],"curies":[{"name":"wp","href":"https:\/\/api.w.org\/{rel}","templated":true}]}}